{"id":1321,"date":"2025-08-03T19:43:21","date_gmt":"2025-08-03T17:43:21","guid":{"rendered":"https:\/\/foyerstemarie.fr\/?page_id=1321"},"modified":"2025-08-20T14:06:10","modified_gmt":"2025-08-20T12:06:10","slug":"localisation-acces","status":"publish","type":"page","link":"https:\/\/foyerstemarie.fr\/en\/localisation-acces\/","title":{"rendered":"Localisation &#038; acc\u00e8s"},"content":{"rendered":"<div data-elementor-type=\"wp-post\" data-elementor-id=\"1321\" class=\"elementor elementor-1321\">\n\t\t\t\t\t\t<section class=\"elementor-section elementor-top-section elementor-element elementor-element-wyxizls elementor-section-content-middle elementor-section-boxed elementor-section-height-default elementor-section-height-default\" data-id=\"wyxizls\" data-element_type=\"section\" data-e-type=\"section\">\n\t\t\t\t\t\t<div class=\"elementor-container elementor-column-gap-default\">\n\t\t\t\t\t<div class=\"elementor-column elementor-col-50 elementor-top-column elementor-element elementor-element-ibtffgp\" data-id=\"ibtffgp\" data-element_type=\"column\" data-e-type=\"column\">\n\t\t\t<div class=\"elementor-widget-wrap elementor-element-populated\">\n\t\t\t\t\t\t<div class=\"elementor-element elementor-element-xdpmieu elementor-widget elementor-widget-heading\" data-id=\"xdpmieu\" data-element_type=\"widget\" data-e-type=\"widget\" data-widget_type=\"heading.default\">\n\t\t\t\t\t<h2 class=\"elementor-heading-title elementor-size-default\">Location<\/h2>\t\t\t\t<\/div>\n\t\t\t\t<div class=\"elementor-element elementor-element-nhkduna elementor-widget elementor-widget-text-editor\" data-id=\"nhkduna\" data-element_type=\"widget\" data-e-type=\"widget\" data-widget_type=\"text-editor.default\">\n\t\t\t\t\t\t\t\t\t<p>Located at<strong> 89-91 rue Notre-Dame des Champs<\/strong>, set back from Boulevard Montparnasse, the residence enjoys a prime location in the 6th arrondissement. Just a few minutes\u2019 walk from high schools (Stanislas, Louis-le-Grand, Henri IV, St-Louis, Montaigne, Ipesup, Lavoisier\u2026) and universities, it offers an ideal environment for pursuing studies.<\/p><p>You can reach the residence by metro, RER, or bus :<\/p><ul><li>M\u00e9tro Vavin (line 4)<\/li><li>M\u00e9tro Notre-Dame des Champs (line 12)<\/li><li>M\u00e9tro Raspail (line 6)<\/li><li>RER Port-Royal (line B)<\/li><li>Bus 38, 58, 68, 82, 91<\/li><\/ul>\t\t\t\t\t\t\t\t<\/div>\n\t\t\t\t<div class=\"elementor-element elementor-element-kbewtpd elementor-align-left elementor-widget elementor-widget-button\" data-id=\"kbewtpd\" data-element_type=\"widget\" data-e-type=\"widget\" data-widget_type=\"button.default\">\n\t\t\t\t\t\t\t\t\t\t<a class=\"elementor-button elementor-button-link elementor-size-sm\" href=\"https:\/\/foyerstemarie.fr\/contact\/\">\n\t\t\t\t\t\t<span class=\"elementor-button-content-wrapper\">\n\t\t\t\t\t\t\t\t\t<span class=\"elementor-button-text\">contact us<\/span>\n\t\t\t\t\t<\/span>\n\t\t\t\t\t<\/a>\n\t\t\t\t\t\t\t\t<\/div>\n\t\t\t\t\t<\/div>\n\t\t<\/div>\n\t\t\t\t<div class=\"elementor-column elementor-col-50 elementor-top-column elementor-element elementor-element-bveocsz\" data-id=\"bveocsz\" data-element_type=\"column\" data-e-type=\"column\">\n\t\t\t<div class=\"elementor-widget-wrap elementor-element-populated\">\n\t\t\t\t\t\t<div class=\"elementor-element elementor-element-fgedytl elementor-widget elementor-widget-image\" data-id=\"fgedytl\" data-element_type=\"widget\" data-e-type=\"widget\" data-widget_type=\"image.default\">\n\t\t\t\t\t\t\t\t\t\t\t\t\t\t\t<img fetchpriority=\"high\" decoding=\"async\" width=\"768\" height=\"434\" src=\"https:\/\/foyerstemarie.fr\/wp-content\/uploads\/2025\/08\/metro_ndc-1024x578-1-768x434.jpg\" class=\"attachment-medium_large size-medium_large wp-image-1333\" alt=\"Foyer Sainte Marie Paris fosma montparnasse r\u00e9sidence \u00e9tudiantes \u00e9tudiante foyer pour jeunes filles\" srcset=\"https:\/\/foyerstemarie.fr\/wp-content\/uploads\/2025\/08\/metro_ndc-1024x578-1-768x434.jpg 768w, https:\/\/foyerstemarie.fr\/wp-content\/uploads\/2025\/08\/metro_ndc-1024x578-1-300x169.jpg 300w, https:\/\/foyerstemarie.fr\/wp-content\/uploads\/2025\/08\/metro_ndc-1024x578-1-18x10.jpg 18w, https:\/\/foyerstemarie.fr\/wp-content\/uploads\/2025\/08\/metro_ndc-1024x578-1.jpg 1024w\" sizes=\"(max-width: 768px) 100vw, 768px\" \/>\t\t\t\t\t\t\t\t\t\t\t\t\t\t\t<\/div>\n\t\t\t\t\t<\/div>\n\t\t<\/div>\n\t\t\t\t\t<\/div>\n\t\t<\/section>\n\t\t\t\t<section class=\"elementor-section elementor-top-section elementor-element elementor-element-qfwcgay elementor-section-boxed elementor-section-height-default elementor-section-height-default\" data-id=\"qfwcgay\" data-element_type=\"section\" data-e-type=\"section\">\n\t\t\t\t\t\t<div class=\"elementor-container elementor-column-gap-default\">\n\t\t\t\t\t<div class=\"elementor-column elementor-col-100 elementor-top-column elementor-element elementor-element-oyyyslh\" data-id=\"oyyyslh\" data-element_type=\"column\" data-e-type=\"column\">\n\t\t\t<div class=\"elementor-widget-wrap elementor-element-populated\">\n\t\t\t\t\t\t<div class=\"elementor-element elementor-element-dipupel elementor-widget-divider--view-line elementor-widget elementor-widget-divider\" data-id=\"dipupel\" data-element_type=\"widget\" data-e-type=\"widget\" data-widget_type=\"divider.default\">\n\t\t\t\t\t\t\t<div class=\"elementor-divider\">\n\t\t\t<span class=\"elementor-divider-separator\">\n\t\t\t\t\t\t<\/span>\n\t\t<\/div>\n\t\t\t\t\t\t<\/div>\n\t\t\t\t\t<\/div>\n\t\t<\/div>\n\t\t\t\t\t<\/div>\n\t\t<\/section>\n\t\t\t\t<section class=\"elementor-section elementor-top-section elementor-element elementor-element-odekghf elementor-section-content-middle elementor-section-boxed elementor-section-height-default elementor-section-height-default\" data-id=\"odekghf\" data-element_type=\"section\" data-e-type=\"section\">\n\t\t\t\t\t\t<div class=\"elementor-container elementor-column-gap-default\">\n\t\t\t\t\t<div class=\"elementor-column elementor-col-50 elementor-top-column elementor-element elementor-element-etyqday\" data-id=\"etyqday\" data-element_type=\"column\" data-e-type=\"column\">\n\t\t\t<div class=\"elementor-widget-wrap elementor-element-populated\">\n\t\t\t\t\t\t<div class=\"elementor-element elementor-element-qplwrtj elementor-widget elementor-widget-image\" data-id=\"qplwrtj\" data-element_type=\"widget\" data-e-type=\"widget\" data-widget_type=\"image.default\">\n\t\t\t\t\t\t\t\t\t\t\t\t\t\t\t<img decoding=\"async\" width=\"800\" height=\"800\" src=\"https:\/\/foyerstemarie.fr\/wp-content\/uploads\/2025\/08\/etude_detente_jardin-foyersaintemari.jpg\" class=\"attachment-full size-full wp-image-1295\" alt=\"Foyer Sainte Marie Paris fosma montparnasse r\u00e9sidence \u00e9tudiantes \u00e9tudiante foyer pour jeunes filles jardin\" srcset=\"https:\/\/foyerstemarie.fr\/wp-content\/uploads\/2025\/08\/etude_detente_jardin-foyersaintemari.jpg 800w, https:\/\/foyerstemarie.fr\/wp-content\/uploads\/2025\/08\/etude_detente_jardin-foyersaintemari-300x300.jpg 300w, https:\/\/foyerstemarie.fr\/wp-content\/uploads\/2025\/08\/etude_detente_jardin-foyersaintemari-150x150.jpg 150w, https:\/\/foyerstemarie.fr\/wp-content\/uploads\/2025\/08\/etude_detente_jardin-foyersaintemari-768x768.jpg 768w, https:\/\/foyerstemarie.fr\/wp-content\/uploads\/2025\/08\/etude_detente_jardin-foyersaintemari-12x12.jpg 12w, https:\/\/foyerstemarie.fr\/wp-content\/uploads\/2025\/08\/etude_detente_jardin-foyersaintemari-600x600.jpg 600w\" sizes=\"(max-width: 800px) 100vw, 800px\" \/>\t\t\t\t\t\t\t\t\t\t\t\t\t\t\t<\/div>\n\t\t\t\t\t<\/div>\n\t\t<\/div>\n\t\t\t\t<div class=\"elementor-column elementor-col-50 elementor-top-column elementor-element elementor-element-nqzkdoo\" data-id=\"nqzkdoo\" data-element_type=\"column\" data-e-type=\"column\">\n\t\t\t<div class=\"elementor-widget-wrap elementor-element-populated\">\n\t\t\t\t\t\t<div class=\"elementor-element elementor-element-jsueefg elementor-widget elementor-widget-heading\" data-id=\"jsueefg\" data-element_type=\"widget\" data-e-type=\"widget\" data-widget_type=\"heading.default\">\n\t\t\t\t\t<h2 class=\"elementor-heading-title elementor-size-default\">Opening times<\/h2>\t\t\t\t<\/div>\n\t\t\t\t<div class=\"elementor-element elementor-element-hvynxle elementor-widget elementor-widget-text-editor\" data-id=\"hvynxle\" data-element_type=\"widget\" data-e-type=\"widget\" data-widget_type=\"text-editor.default\">\n\t\t\t\t\t\t\t\t\t<p>The residence is open from September to June and closes during the Christmas and summer holidays (July\u2013August). It also remains open during mid-term breaks (All Saints\u2019, February, spring).<\/p><p>Opening times are :<\/p><ul><li>Monday, Tuesday, Thursday, Friday, Sunday, public holidays, and school holidays: 6:30 a.m. to 11 p.m.<\/li><li>Wednesday and Saturday: 6:30 a.m. to midnight (outside school holidays and public holidays).<\/li><\/ul>\t\t\t\t\t\t\t\t<\/div>\n\t\t\t\t\t<\/div>\n\t\t<\/div>\n\t\t\t\t\t<\/div>\n\t\t<\/section>\n\t\t\t\t<\/div>","protected":false},"excerpt":{"rendered":"<p>Localisation Situ\u00e9 au 89-91 rue Notre-Dame des Champs, en retrait du Boulevard Montparnasse, le foyer b\u00e9n\u00e9ficie d\u2019un emplacement privil\u00e9gi\u00e9 dans le 6\u1d49 arrondissement. \u00c0 quelques minutes \u00e0 pied des lyc\u00e9es (Stanislas, Louis-le-Grand, Henri IV, St-Louis, Montaigne, Ipesup, Lavoisier\u2026) et des universit\u00e9s, il offre un environnement id\u00e9al pour poursuivre ses \u00e9tudes. Vous pouvez vous rendre au [&hellip;]<\/p>\n","protected":false},"author":1,"featured_media":0,"parent":0,"menu_order":0,"comment_status":"closed","ping_status":"closed","template":"","meta":{"ocean_post_layout":"full-width","ocean_both_sidebars_style":"","ocean_both_sidebars_content_width":0,"ocean_both_sidebars_sidebars_width":0,"ocean_sidebar":"","ocean_second_sidebar":"","ocean_disable_margins":"enable","ocean_add_body_class":"","ocean_shortcode_before_top_bar":"","ocean_shortcode_after_top_bar":"","ocean_shortcode_before_header":"","ocean_shortcode_after_header":"","ocean_has_shortcode":"","ocean_shortcode_after_title":"","ocean_shortcode_before_footer_widgets":"","ocean_shortcode_after_footer_widgets":"","ocean_shortcode_before_footer_bottom":"","ocean_shortcode_after_footer_bottom":"","ocean_display_top_bar":"default","ocean_display_header":"default","ocean_header_style":"","ocean_center_header_left_menu":"","ocean_custom_header_template":"","ocean_custom_logo":0,"ocean_custom_retina_logo":0,"ocean_custom_logo_max_width":0,"ocean_custom_logo_tablet_max_width":0,"ocean_custom_logo_mobile_max_width":0,"ocean_custom_logo_max_height":0,"ocean_custom_logo_tablet_max_height":0,"ocean_custom_logo_mobile_max_height":0,"ocean_header_custom_menu":"","ocean_menu_typo_font_family":"","ocean_menu_typo_font_subset":"","ocean_menu_typo_font_size":0,"ocean_menu_typo_font_size_tablet":0,"ocean_menu_typo_font_size_mobile":0,"ocean_menu_typo_font_size_unit":"px","ocean_menu_typo_font_weight":"","ocean_menu_typo_font_weight_tablet":"","ocean_menu_typo_font_weight_mobile":"","ocean_menu_typo_transform":"","ocean_menu_typo_transform_tablet":"","ocean_menu_typo_transform_mobile":"","ocean_menu_typo_line_height":0,"ocean_menu_typo_line_height_tablet":0,"ocean_menu_typo_line_height_mobile":0,"ocean_menu_typo_line_height_unit":"","ocean_menu_typo_spacing":0,"ocean_menu_typo_spacing_tablet":0,"ocean_menu_typo_spacing_mobile":0,"ocean_menu_typo_spacing_unit":"","ocean_menu_link_color":"","ocean_menu_link_color_hover":"","ocean_menu_link_color_active":"","ocean_menu_link_background":"","ocean_menu_link_hover_background":"","ocean_menu_link_active_background":"","ocean_menu_social_links_bg":"","ocean_menu_social_hover_links_bg":"","ocean_menu_social_links_color":"","ocean_menu_social_hover_links_color":"","ocean_disable_title":"on","ocean_disable_heading":"default","ocean_post_title":"","ocean_post_subheading":"","ocean_post_title_style":"","ocean_post_title_background_color":"","ocean_post_title_background":0,"ocean_post_title_bg_image_position":"","ocean_post_title_bg_image_attachment":"","ocean_post_title_bg_image_repeat":"","ocean_post_title_bg_image_size":"","ocean_post_title_height":0,"ocean_post_title_bg_overlay":0.5,"ocean_post_title_bg_overlay_color":"","ocean_disable_breadcrumbs":"default","ocean_breadcrumbs_color":"","ocean_breadcrumbs_separator_color":"","ocean_breadcrumbs_links_color":"","ocean_breadcrumbs_links_hover_color":"","ocean_display_footer_widgets":"default","ocean_display_footer_bottom":"default","ocean_custom_footer_template":"","footnotes":""},"class_list":["post-1321","page","type-page","status-publish","hentry","entry"],"yoast_head":"<!-- This site is optimized with the Yoast SEO plugin v27.3 - https:\/\/yoast.com\/product\/yoast-seo-wordpress\/ -->\n<title>Localisation &amp; acc\u00e8s - Foyer Sainte Marie<\/title>\n<meta name=\"robots\" content=\"index, follow, max-snippet:-1, max-image-preview:large, max-video-preview:-1\" \/>\n<link rel=\"canonical\" href=\"https:\/\/foyerstemarie.fr\/en\/localisation-acces\/\" \/>\n<meta property=\"og:locale\" content=\"en_GB\" \/>\n<meta property=\"og:type\" content=\"article\" \/>\n<meta property=\"og:title\" content=\"Localisation &amp; acc\u00e8s - Foyer Sainte Marie\" \/>\n<meta property=\"og:description\" content=\"Localisation Situ\u00e9 au 89-91 rue Notre-Dame des Champs, en retrait du Boulevard Montparnasse, le foyer b\u00e9n\u00e9ficie d\u2019un emplacement privil\u00e9gi\u00e9 dans le 6\u1d49 arrondissement. \u00c0 quelques minutes \u00e0 pied des lyc\u00e9es (Stanislas, Louis-le-Grand, Henri IV, St-Louis, Montaigne, Ipesup, Lavoisier\u2026) et des universit\u00e9s, il offre un environnement id\u00e9al pour poursuivre ses \u00e9tudes. Vous pouvez vous rendre au [&hellip;]\" \/>\n<meta property=\"og:url\" content=\"https:\/\/foyerstemarie.fr\/en\/localisation-acces\/\" \/>\n<meta property=\"og:site_name\" content=\"Foyer Sainte Marie\" \/>\n<meta property=\"article:modified_time\" content=\"2025-08-20T12:06:10+00:00\" \/>\n<meta property=\"og:image\" content=\"https:\/\/foyerstemarie.fr\/wp-content\/uploads\/2025\/08\/metro_ndc-1024x578-1.jpg\" \/>\n\t<meta property=\"og:image:width\" content=\"1024\" \/>\n\t<meta property=\"og:image:height\" content=\"578\" \/>\n\t<meta property=\"og:image:type\" content=\"image\/jpeg\" \/>\n<meta name=\"twitter:card\" content=\"summary_large_image\" \/>\n<meta name=\"twitter:label1\" content=\"Estimated reading time\" \/>\n\t<meta name=\"twitter:data1\" content=\"1 minute\" \/>\n<script type=\"application\/ld+json\" class=\"yoast-schema-graph\">{\"@context\":\"https:\\\/\\\/schema.org\",\"@graph\":[{\"@type\":\"WebPage\",\"@id\":\"https:\\\/\\\/foyerstemarie.fr\\\/localisation-acces\\\/\",\"url\":\"https:\\\/\\\/foyerstemarie.fr\\\/localisation-acces\\\/\",\"name\":\"Localisation & acc\u00e8s - Foyer Sainte Marie\",\"isPartOf\":{\"@id\":\"https:\\\/\\\/foyerstemarie.fr\\\/#website\"},\"primaryImageOfPage\":{\"@id\":\"https:\\\/\\\/foyerstemarie.fr\\\/localisation-acces\\\/#primaryimage\"},\"image\":{\"@id\":\"https:\\\/\\\/foyerstemarie.fr\\\/localisation-acces\\\/#primaryimage\"},\"thumbnailUrl\":\"https:\\\/\\\/foyerstemarie.fr\\\/wp-content\\\/uploads\\\/2025\\\/08\\\/metro_ndc-1024x578-1-768x434.jpg\",\"datePublished\":\"2025-08-03T17:43:21+00:00\",\"dateModified\":\"2025-08-20T12:06:10+00:00\",\"breadcrumb\":{\"@id\":\"https:\\\/\\\/foyerstemarie.fr\\\/localisation-acces\\\/#breadcrumb\"},\"inLanguage\":\"en-GB\",\"potentialAction\":[{\"@type\":\"ReadAction\",\"target\":[\"https:\\\/\\\/foyerstemarie.fr\\\/localisation-acces\\\/\"]}]},{\"@type\":\"ImageObject\",\"inLanguage\":\"en-GB\",\"@id\":\"https:\\\/\\\/foyerstemarie.fr\\\/localisation-acces\\\/#primaryimage\",\"url\":\"https:\\\/\\\/foyerstemarie.fr\\\/wp-content\\\/uploads\\\/2025\\\/08\\\/metro_ndc-1024x578-1-768x434.jpg\",\"contentUrl\":\"https:\\\/\\\/foyerstemarie.fr\\\/wp-content\\\/uploads\\\/2025\\\/08\\\/metro_ndc-1024x578-1-768x434.jpg\"},{\"@type\":\"BreadcrumbList\",\"@id\":\"https:\\\/\\\/foyerstemarie.fr\\\/localisation-acces\\\/#breadcrumb\",\"itemListElement\":[{\"@type\":\"ListItem\",\"position\":1,\"name\":\"Accueil\",\"item\":\"https:\\\/\\\/foyerstemarie.fr\\\/\"},{\"@type\":\"ListItem\",\"position\":2,\"name\":\"Localisation &#038; acc\u00e8s\"}]},{\"@type\":\"WebSite\",\"@id\":\"https:\\\/\\\/foyerstemarie.fr\\\/#website\",\"url\":\"https:\\\/\\\/foyerstemarie.fr\\\/\",\"name\":\"Foyer Sainte Marie\",\"description\":\"Un foyer pour \u00e9tudiantes au coeur du quartier Montparnasse\",\"publisher\":{\"@id\":\"https:\\\/\\\/foyerstemarie.fr\\\/#organization\"},\"potentialAction\":[{\"@type\":\"SearchAction\",\"target\":{\"@type\":\"EntryPoint\",\"urlTemplate\":\"https:\\\/\\\/foyerstemarie.fr\\\/?s={search_term_string}\"},\"query-input\":{\"@type\":\"PropertyValueSpecification\",\"valueRequired\":true,\"valueName\":\"search_term_string\"}}],\"inLanguage\":\"en-GB\"},{\"@type\":\"Organization\",\"@id\":\"https:\\\/\\\/foyerstemarie.fr\\\/#organization\",\"name\":\"Foyer Sainte Marie\",\"url\":\"https:\\\/\\\/foyerstemarie.fr\\\/\",\"logo\":{\"@type\":\"ImageObject\",\"inLanguage\":\"en-GB\",\"@id\":\"https:\\\/\\\/foyerstemarie.fr\\\/#\\\/schema\\\/logo\\\/image\\\/\",\"url\":\"https:\\\/\\\/foyerstemarie.fr\\\/wp-content\\\/uploads\\\/2025\\\/08\\\/cropped-logo-foyer-sainte-marie-e1755700775741.png\",\"contentUrl\":\"https:\\\/\\\/foyerstemarie.fr\\\/wp-content\\\/uploads\\\/2025\\\/08\\\/cropped-logo-foyer-sainte-marie-e1755700775741.png\",\"width\":200,\"height\":50,\"caption\":\"Foyer Sainte Marie\"},\"image\":{\"@id\":\"https:\\\/\\\/foyerstemarie.fr\\\/#\\\/schema\\\/logo\\\/image\\\/\"}}]}<\/script>\n<!-- \/ Yoast SEO plugin. -->","yoast_head_json":{"title":"Localisation & acc\u00e8s - Foyer Sainte Marie","robots":{"index":"index","follow":"follow","max-snippet":"max-snippet:-1","max-image-preview":"max-image-preview:large","max-video-preview":"max-video-preview:-1"},"canonical":"https:\/\/foyerstemarie.fr\/en\/localisation-acces\/","og_locale":"en_GB","og_type":"article","og_title":"Localisation & acc\u00e8s - Foyer Sainte Marie","og_description":"Localisation Situ\u00e9 au 89-91 rue Notre-Dame des Champs, en retrait du Boulevard Montparnasse, le foyer b\u00e9n\u00e9ficie d\u2019un emplacement privil\u00e9gi\u00e9 dans le 6\u1d49 arrondissement. \u00c0 quelques minutes \u00e0 pied des lyc\u00e9es (Stanislas, Louis-le-Grand, Henri IV, St-Louis, Montaigne, Ipesup, Lavoisier\u2026) et des universit\u00e9s, il offre un environnement id\u00e9al pour poursuivre ses \u00e9tudes. Vous pouvez vous rendre au [&hellip;]","og_url":"https:\/\/foyerstemarie.fr\/en\/localisation-acces\/","og_site_name":"Foyer Sainte Marie","article_modified_time":"2025-08-20T12:06:10+00:00","og_image":[{"width":1024,"height":578,"url":"https:\/\/foyerstemarie.fr\/wp-content\/uploads\/2025\/08\/metro_ndc-1024x578-1.jpg","type":"image\/jpeg"}],"twitter_card":"summary_large_image","twitter_misc":{"Estimated reading time":"1 minute"},"schema":{"@context":"https:\/\/schema.org","@graph":[{"@type":"WebPage","@id":"https:\/\/foyerstemarie.fr\/localisation-acces\/","url":"https:\/\/foyerstemarie.fr\/localisation-acces\/","name":"Localisation & acc\u00e8s - Foyer Sainte Marie","isPartOf":{"@id":"https:\/\/foyerstemarie.fr\/#website"},"primaryImageOfPage":{"@id":"https:\/\/foyerstemarie.fr\/localisation-acces\/#primaryimage"},"image":{"@id":"https:\/\/foyerstemarie.fr\/localisation-acces\/#primaryimage"},"thumbnailUrl":"https:\/\/foyerstemarie.fr\/wp-content\/uploads\/2025\/08\/metro_ndc-1024x578-1-768x434.jpg","datePublished":"2025-08-03T17:43:21+00:00","dateModified":"2025-08-20T12:06:10+00:00","breadcrumb":{"@id":"https:\/\/foyerstemarie.fr\/localisation-acces\/#breadcrumb"},"inLanguage":"en-GB","potentialAction":[{"@type":"ReadAction","target":["https:\/\/foyerstemarie.fr\/localisation-acces\/"]}]},{"@type":"ImageObject","inLanguage":"en-GB","@id":"https:\/\/foyerstemarie.fr\/localisation-acces\/#primaryimage","url":"https:\/\/foyerstemarie.fr\/wp-content\/uploads\/2025\/08\/metro_ndc-1024x578-1-768x434.jpg","contentUrl":"https:\/\/foyerstemarie.fr\/wp-content\/uploads\/2025\/08\/metro_ndc-1024x578-1-768x434.jpg"},{"@type":"BreadcrumbList","@id":"https:\/\/foyerstemarie.fr\/localisation-acces\/#breadcrumb","itemListElement":[{"@type":"ListItem","position":1,"name":"Accueil","item":"https:\/\/foyerstemarie.fr\/"},{"@type":"ListItem","position":2,"name":"Localisation &#038; acc\u00e8s"}]},{"@type":"WebSite","@id":"https:\/\/foyerstemarie.fr\/#website","url":"https:\/\/foyerstemarie.fr\/","name":"Foyer Sainte Marie","description":"Un foyer pour \u00e9tudiantes au coeur du quartier Montparnasse","publisher":{"@id":"https:\/\/foyerstemarie.fr\/#organization"},"potentialAction":[{"@type":"SearchAction","target":{"@type":"EntryPoint","urlTemplate":"https:\/\/foyerstemarie.fr\/?s={search_term_string}"},"query-input":{"@type":"PropertyValueSpecification","valueRequired":true,"valueName":"search_term_string"}}],"inLanguage":"en-GB"},{"@type":"Organization","@id":"https:\/\/foyerstemarie.fr\/#organization","name":"Foyer Sainte Marie","url":"https:\/\/foyerstemarie.fr\/","logo":{"@type":"ImageObject","inLanguage":"en-GB","@id":"https:\/\/foyerstemarie.fr\/#\/schema\/logo\/image\/","url":"https:\/\/foyerstemarie.fr\/wp-content\/uploads\/2025\/08\/cropped-logo-foyer-sainte-marie-e1755700775741.png","contentUrl":"https:\/\/foyerstemarie.fr\/wp-content\/uploads\/2025\/08\/cropped-logo-foyer-sainte-marie-e1755700775741.png","width":200,"height":50,"caption":"Foyer Sainte Marie"},"image":{"@id":"https:\/\/foyerstemarie.fr\/#\/schema\/logo\/image\/"}}]}},"_links":{"self":[{"href":"https:\/\/foyerstemarie.fr\/en\/wp-json\/wp\/v2\/pages\/1321","targetHints":{"allow":["GET"]}}],"collection":[{"href":"https:\/\/foyerstemarie.fr\/en\/wp-json\/wp\/v2\/pages"}],"about":[{"href":"https:\/\/foyerstemarie.fr\/en\/wp-json\/wp\/v2\/types\/page"}],"author":[{"embeddable":true,"href":"https:\/\/foyerstemarie.fr\/en\/wp-json\/wp\/v2\/users\/1"}],"replies":[{"embeddable":true,"href":"https:\/\/foyerstemarie.fr\/en\/wp-json\/wp\/v2\/comments?post=1321"}],"version-history":[{"count":31,"href":"https:\/\/foyerstemarie.fr\/en\/wp-json\/wp\/v2\/pages\/1321\/revisions"}],"predecessor-version":[{"id":1508,"href":"https:\/\/foyerstemarie.fr\/en\/wp-json\/wp\/v2\/pages\/1321\/revisions\/1508"}],"wp:attachment":[{"href":"https:\/\/foyerstemarie.fr\/en\/wp-json\/wp\/v2\/media?parent=1321"}],"curies":[{"name":"wp","href":"https:\/\/api.w.org\/{rel}","templated":true}]}}